{"id":8494,"date":"2024-07-15T14:04:20","date_gmt":"2024-07-15T14:04:20","guid":{"rendered":"https:\/\/worldwide-wood.de\/mentions-legales\/"},"modified":"2025-07-18T15:26:38","modified_gmt":"2025-07-18T15:26:38","slug":"mentions-legales","status":"publish","type":"page","link":"https:\/\/worldwide-wood.de\/fr\/mentions-legales\/","title":{"rendered":"Mentions l\u00e9gales"},"content":{"rendered":"\t\t<div data-elementor-type=\"wp-page\" data-elementor-id=\"8494\" class=\"elementor elementor-8494 elementor-53\" data-elementor-post-type=\"page\">\n\t\t\t\t<div class=\"elementor-element elementor-element-9360cca e-flex e-con-boxed e-con e-parent\" data-id=\"9360cca\" data-element_type=\"container\" data-e-type=\"container\">\n\t\t\t\t\t<div class=\"e-con-inner\">\n\t\t\t\t<div class=\"elementor-element elementor-element-cd026e1 elementor-widget elementor-widget-html\" data-id=\"cd026e1\" data-element_type=\"widget\" data-e-type=\"widget\" data-widget_type=\"html.default\">\n\t\t\t\t<div class=\"elementor-widget-container\">\n\t\t\t\t\t<h1>Mentions l\u00e9gales<\/h1>\n\n<p>Himmel und Knott GbR<br \/>\nObere Siegstra&szlig;e 24<br \/>\n53773 Hennef<\/p>\n\n<p><strong>Propri\u00e9taires :<\/strong><br \/>\nVincent Knott et Damian Himmel<\/p>\n\n<h2>Contact<\/h2>\n<p>T\u00e9l\u00e9phone : +49 2242 9483009<br \/>\nE-mail : info@worldwide-wood.de<\/p>\n\n<h2>Num\u00e9ro d'identification TVA<\/h2>\n<p>Num\u00e9ro d'identification TVA conform\u00e9ment \u00e0 l'article 27 a de la loi sur la taxe sur la valeur ajout\u00e9e :<br \/>\nDE359038003<\/p>\n\n<h2>R\u00e8glement des litiges en ligne de l'UE<\/h2>\n<p>La Commission europ\u00e9enne met \u00e0 disposition une plateforme de r\u00e8glement en ligne des litiges (RLL) : <a href=\"https:\/\/ec.europa.eu\/consumers\/odr\/\" target=\"_blank\" rel=\"noopener noreferrer\">https:\/\/ec.europa.eu\/consumers\/odr\/<\/a>.<br \/> Notre adresse e-mail se trouve ci-dessus dans les mentions l\u00e9gales.<\/p>\n\n<h2>R\u00e8glement des litiges de consommation\/Organisme de m\u00e9diation universel<\/h2>\n<p>Nous ne sommes ni dispos\u00e9s ni oblig\u00e9s de participer \u00e0 des proc\u00e9dures de r\u00e8glement des litiges devant un organisme de m\u00e9diation des consommateurs.<\/p>\t\t\t\t<\/div>\n\t\t\t\t<\/div>\n\t\t\t\t\t<\/div>\n\t\t\t\t<\/div>\n\t\t\t\t<\/div>\n\t\t","protected":false},"excerpt":{"rendered":"<p>Mentions l\u00e9gales Himmel und Knott GbR Obere Siegstra&szlig;e 24 53773 Hennef Propri\u00e9taires : Vincent Knott et Damian Himmel Contact T\u00e9l\u00e9phone : +49 2242 9483009 E-mail : info@worldwide-wood.de Num\u00e9ro d&rsquo;identification TVA Num\u00e9ro d&rsquo;identification TVA conform\u00e9ment \u00e0 l&rsquo;article 27 a de la loi sur la taxe sur la valeur ajout\u00e9e : DE359038003 R\u00e8glement des litiges en ligne [&hellip;]<\/p>\n","protected":false},"author":1,"featured_media":0,"parent":0,"menu_order":0,"comment_status":"closed","ping_status":"closed","template":"","meta":{"footnotes":""},"class_list":["post-8494","page","type-page","status-publish","hentry"],"yoast_head":"<!-- This site is optimized with the Yoast SEO plugin v27.4 - https:\/\/yoast.com\/product\/yoast-seo-wordpress\/ -->\n<title>Mentions l\u00e9gales - World Wide Wood<\/title>\n<meta name=\"robots\" content=\"index, follow, max-snippet:-1, max-image-preview:large, max-video-preview:-1\" \/>\n<link rel=\"canonical\" href=\"https:\/\/worldwide-wood.de\/fr\/mentions-legales\/\" \/>\n<meta property=\"og:locale\" content=\"fr_FR\" \/>\n<meta property=\"og:type\" content=\"article\" \/>\n<meta property=\"og:title\" content=\"Mentions l\u00e9gales - World Wide Wood\" \/>\n<meta property=\"og:description\" content=\"Mentions l\u00e9gales Himmel und Knott GbR Obere Siegstra&szlig;e 24 53773 Hennef Propri\u00e9taires : Vincent Knott et Damian Himmel Contact T\u00e9l\u00e9phone : +49 2242 9483009 E-mail : info@worldwide-wood.de Num\u00e9ro d&rsquo;identification TVA Num\u00e9ro d&rsquo;identification TVA conform\u00e9ment \u00e0 l&rsquo;article 27 a de la loi sur la taxe sur la valeur ajout\u00e9e : DE359038003 R\u00e8glement des litiges en ligne [&hellip;]\" \/>\n<meta property=\"og:url\" content=\"https:\/\/worldwide-wood.de\/fr\/mentions-legales\/\" \/>\n<meta property=\"og:site_name\" content=\"World Wide Wood\" \/>\n<meta property=\"article:modified_time\" content=\"2025-07-18T15:26:38+00:00\" \/>\n<meta name=\"twitter:card\" content=\"summary_large_image\" \/>\n<meta name=\"twitter:label1\" content=\"Dur\u00e9e de lecture estim\u00e9e\" \/>\n\t<meta name=\"twitter:data1\" content=\"1 minute\" \/>\n<script type=\"application\/ld+json\" class=\"yoast-schema-graph\">{\"@context\":\"https:\\\/\\\/schema.org\",\"@graph\":[{\"@type\":\"WebPage\",\"@id\":\"https:\\\/\\\/worldwide-wood.de\\\/fr\\\/mentions-legales\\\/\",\"url\":\"https:\\\/\\\/worldwide-wood.de\\\/fr\\\/mentions-legales\\\/\",\"name\":\"Mentions l\u00e9gales - World Wide Wood\",\"isPartOf\":{\"@id\":\"https:\\\/\\\/worldwide-wood.de\\\/fr\\\/#website\"},\"datePublished\":\"2024-07-15T14:04:20+00:00\",\"dateModified\":\"2025-07-18T15:26:38+00:00\",\"breadcrumb\":{\"@id\":\"https:\\\/\\\/worldwide-wood.de\\\/fr\\\/mentions-legales\\\/#breadcrumb\"},\"inLanguage\":\"fr-FR\",\"potentialAction\":[{\"@type\":\"ReadAction\",\"target\":[\"https:\\\/\\\/worldwide-wood.de\\\/fr\\\/mentions-legales\\\/\"]}]},{\"@type\":\"BreadcrumbList\",\"@id\":\"https:\\\/\\\/worldwide-wood.de\\\/fr\\\/mentions-legales\\\/#breadcrumb\",\"itemListElement\":[{\"@type\":\"ListItem\",\"position\":1,\"name\":\"Startseite\",\"item\":\"https:\\\/\\\/worldwide-wood.de\\\/fr\\\/\"},{\"@type\":\"ListItem\",\"position\":2,\"name\":\"Mentions l\u00e9gales\"}]},{\"@type\":\"WebSite\",\"@id\":\"https:\\\/\\\/worldwide-wood.de\\\/fr\\\/#website\",\"url\":\"https:\\\/\\\/worldwide-wood.de\\\/fr\\\/\",\"name\":\"World Wide Wood\",\"description\":\"World Wide Wood\",\"publisher\":{\"@id\":\"https:\\\/\\\/worldwide-wood.de\\\/fr\\\/#organization\"},\"potentialAction\":[{\"@type\":\"SearchAction\",\"target\":{\"@type\":\"EntryPoint\",\"urlTemplate\":\"https:\\\/\\\/worldwide-wood.de\\\/fr\\\/?s={search_term_string}\"},\"query-input\":{\"@type\":\"PropertyValueSpecification\",\"valueRequired\":true,\"valueName\":\"search_term_string\"}}],\"inLanguage\":\"fr-FR\"},{\"@type\":\"Organization\",\"@id\":\"https:\\\/\\\/worldwide-wood.de\\\/fr\\\/#organization\",\"name\":\"World Wide Wood\",\"url\":\"https:\\\/\\\/worldwide-wood.de\\\/fr\\\/\",\"logo\":{\"@type\":\"ImageObject\",\"inLanguage\":\"fr-FR\",\"@id\":\"https:\\\/\\\/worldwide-wood.de\\\/fr\\\/#\\\/schema\\\/logo\\\/image\\\/\",\"url\":\"https:\\\/\\\/worldwide-wood.de\\\/wp-content\\\/uploads\\\/2024\\\/07\\\/Logo-Word-Wide-Wood.png\",\"contentUrl\":\"https:\\\/\\\/worldwide-wood.de\\\/wp-content\\\/uploads\\\/2024\\\/07\\\/Logo-Word-Wide-Wood.png\",\"width\":500,\"height\":500,\"caption\":\"World Wide Wood\"},\"image\":{\"@id\":\"https:\\\/\\\/worldwide-wood.de\\\/fr\\\/#\\\/schema\\\/logo\\\/image\\\/\"}}]}<\/script>\n<!-- \/ Yoast SEO plugin. -->","yoast_head_json":{"title":"Mentions l\u00e9gales - World Wide Wood","robots":{"index":"index","follow":"follow","max-snippet":"max-snippet:-1","max-image-preview":"max-image-preview:large","max-video-preview":"max-video-preview:-1"},"canonical":"https:\/\/worldwide-wood.de\/fr\/mentions-legales\/","og_locale":"fr_FR","og_type":"article","og_title":"Mentions l\u00e9gales - World Wide Wood","og_description":"Mentions l\u00e9gales Himmel und Knott GbR Obere Siegstra&szlig;e 24 53773 Hennef Propri\u00e9taires : Vincent Knott et Damian Himmel Contact T\u00e9l\u00e9phone : +49 2242 9483009 E-mail : info@worldwide-wood.de Num\u00e9ro d&rsquo;identification TVA Num\u00e9ro d&rsquo;identification TVA conform\u00e9ment \u00e0 l&rsquo;article 27 a de la loi sur la taxe sur la valeur ajout\u00e9e : DE359038003 R\u00e8glement des litiges en ligne [&hellip;]","og_url":"https:\/\/worldwide-wood.de\/fr\/mentions-legales\/","og_site_name":"World Wide Wood","article_modified_time":"2025-07-18T15:26:38+00:00","twitter_card":"summary_large_image","twitter_misc":{"Dur\u00e9e de lecture estim\u00e9e":"1 minute"},"schema":{"@context":"https:\/\/schema.org","@graph":[{"@type":"WebPage","@id":"https:\/\/worldwide-wood.de\/fr\/mentions-legales\/","url":"https:\/\/worldwide-wood.de\/fr\/mentions-legales\/","name":"Mentions l\u00e9gales - World Wide Wood","isPartOf":{"@id":"https:\/\/worldwide-wood.de\/fr\/#website"},"datePublished":"2024-07-15T14:04:20+00:00","dateModified":"2025-07-18T15:26:38+00:00","breadcrumb":{"@id":"https:\/\/worldwide-wood.de\/fr\/mentions-legales\/#breadcrumb"},"inLanguage":"fr-FR","potentialAction":[{"@type":"ReadAction","target":["https:\/\/worldwide-wood.de\/fr\/mentions-legales\/"]}]},{"@type":"BreadcrumbList","@id":"https:\/\/worldwide-wood.de\/fr\/mentions-legales\/#breadcrumb","itemListElement":[{"@type":"ListItem","position":1,"name":"Startseite","item":"https:\/\/worldwide-wood.de\/fr\/"},{"@type":"ListItem","position":2,"name":"Mentions l\u00e9gales"}]},{"@type":"WebSite","@id":"https:\/\/worldwide-wood.de\/fr\/#website","url":"https:\/\/worldwide-wood.de\/fr\/","name":"World Wide Wood","description":"World Wide Wood","publisher":{"@id":"https:\/\/worldwide-wood.de\/fr\/#organization"},"potentialAction":[{"@type":"SearchAction","target":{"@type":"EntryPoint","urlTemplate":"https:\/\/worldwide-wood.de\/fr\/?s={search_term_string}"},"query-input":{"@type":"PropertyValueSpecification","valueRequired":true,"valueName":"search_term_string"}}],"inLanguage":"fr-FR"},{"@type":"Organization","@id":"https:\/\/worldwide-wood.de\/fr\/#organization","name":"World Wide Wood","url":"https:\/\/worldwide-wood.de\/fr\/","logo":{"@type":"ImageObject","inLanguage":"fr-FR","@id":"https:\/\/worldwide-wood.de\/fr\/#\/schema\/logo\/image\/","url":"https:\/\/worldwide-wood.de\/wp-content\/uploads\/2024\/07\/Logo-Word-Wide-Wood.png","contentUrl":"https:\/\/worldwide-wood.de\/wp-content\/uploads\/2024\/07\/Logo-Word-Wide-Wood.png","width":500,"height":500,"caption":"World Wide Wood"},"image":{"@id":"https:\/\/worldwide-wood.de\/fr\/#\/schema\/logo\/image\/"}}]}},"_links":{"self":[{"href":"https:\/\/worldwide-wood.de\/fr\/wp-json\/wp\/v2\/pages\/8494","targetHints":{"allow":["GET"]}}],"collection":[{"href":"https:\/\/worldwide-wood.de\/fr\/wp-json\/wp\/v2\/pages"}],"about":[{"href":"https:\/\/worldwide-wood.de\/fr\/wp-json\/wp\/v2\/types\/page"}],"author":[{"embeddable":true,"href":"https:\/\/worldwide-wood.de\/fr\/wp-json\/wp\/v2\/users\/1"}],"replies":[{"embeddable":true,"href":"https:\/\/worldwide-wood.de\/fr\/wp-json\/wp\/v2\/comments?post=8494"}],"version-history":[{"count":0,"href":"https:\/\/worldwide-wood.de\/fr\/wp-json\/wp\/v2\/pages\/8494\/revisions"}],"wp:attachment":[{"href":"https:\/\/worldwide-wood.de\/fr\/wp-json\/wp\/v2\/media?parent=8494"}],"curies":[{"name":"wp","href":"https:\/\/api.w.org\/{rel}","templated":true}]}}