{"id":8412,"date":"2025-01-07T12:22:39","date_gmt":"2025-01-07T12:22:39","guid":{"rendered":"https:\/\/worldwide-wood.de\/volige-de-chene\/"},"modified":"2025-07-16T18:11:37","modified_gmt":"2025-07-16T18:11:37","slug":"volige-de-chene","status":"publish","type":"page","link":"https:\/\/worldwide-wood.de\/fr\/volige-de-chene\/","title":{"rendered":"Volige de ch\u00eane"},"content":{"rendered":"\t\t<div data-elementor-type=\"wp-page\" data-elementor-id=\"8412\" class=\"elementor elementor-8412 elementor-5544\" data-elementor-post-type=\"page\">\n\t\t\t\t<div class=\"elementor-element elementor-element-260f556b e-flex e-con-boxed e-con e-parent\" data-id=\"260f556b\" data-element_type=\"container\" data-e-type=\"container\" data-settings=\"{&quot;background_background&quot;:&quot;gradient&quot;}\">\n\t\t\t\t\t<div class=\"e-con-inner\">\n\t\t<div class=\"elementor-element elementor-element-63ccedcc e-con-full e-flex e-con e-child\" data-id=\"63ccedcc\" data-element_type=\"container\" data-e-type=\"container\">\n\t\t<div class=\"elementor-element elementor-element-4bbc65c5 e-con-full e-flex e-con e-child\" data-id=\"4bbc65c5\" data-element_type=\"container\" data-e-type=\"container\">\n\t\t\t\t<div class=\"elementor-element elementor-element-539b5b57 elementor-widget elementor-widget-heading\" data-id=\"539b5b57\" data-element_type=\"widget\" data-e-type=\"widget\" data-widget_type=\"heading.default\">\n\t\t\t\t<div class=\"elementor-widget-container\">\n\t\t\t\t\t<h1 class=\"elementor-heading-title elementor-size-default\">Volige de ch\u00eane<\/h1>\t\t\t\t<\/div>\n\t\t\t\t<\/div>\n\t\t\t\t<div class=\"elementor-element elementor-element-1b00f850 elementor-widget elementor-widget-text-editor\" data-id=\"1b00f850\" data-element_type=\"widget\" data-e-type=\"widget\" data-widget_type=\"text-editor.default\">\n\t\t\t\t<div class=\"elementor-widget-container\">\n\t\t\t\t\t\t\t\t\t<p>disponible avec rainure et languette<\/p>\t\t\t\t\t\t\t\t<\/div>\n\t\t\t\t<\/div>\n\t\t\t\t<div class=\"elementor-element elementor-element-7f0e5e93 elementor-widget elementor-widget-button\" data-id=\"7f0e5e93\" data-element_type=\"widget\" data-e-type=\"widget\" data-widget_type=\"button.default\">\n\t\t\t\t<div class=\"elementor-widget-container\">\n\t\t\t\t\t\t\t\t\t<div class=\"elementor-button-wrapper\">\n\t\t\t\t\t<a class=\"elementor-button elementor-button-link elementor-size-sm\" href=\"https:\/\/worldwide-wood.de\/kontakt\/\">\n\t\t\t\t\t\t<span class=\"elementor-button-content-wrapper\">\n\t\t\t\t\t\t\t\t\t<span class=\"elementor-button-text\">Demander un devis &gt;&gt;<\/span>\n\t\t\t\t\t<\/span>\n\t\t\t\t\t<\/a>\n\t\t\t\t<\/div>\n\t\t\t\t\t\t\t\t<\/div>\n\t\t\t\t<\/div>\n\t\t\t\t<\/div>\n\t\t\t\t<\/div>\n\t\t\t\t\t<\/div>\n\t\t\t\t<\/div>\n\t\t<div class=\"elementor-element elementor-element-2c00310e e-flex e-con-boxed e-con e-parent\" data-id=\"2c00310e\" data-element_type=\"container\" data-e-type=\"container\">\n\t\t\t\t\t<div class=\"e-con-inner\">\n\t\t\t\t<div class=\"elementor-element elementor-element-53b3e95b elementor-widget elementor-widget-heading\" data-id=\"53b3e95b\" data-element_type=\"widget\" data-e-type=\"widget\" data-widget_type=\"heading.default\">\n\t\t\t\t<div class=\"elementor-widget-container\">\n\t\t\t\t\t<h2 class=\"elementor-heading-title elementor-size-default\">Volige de ch\u00eane.<\/h2>\t\t\t\t<\/div>\n\t\t\t\t<\/div>\n\t\t\t\t<div class=\"elementor-element elementor-element-2b9d62ac elementor-widget elementor-widget-heading\" data-id=\"2b9d62ac\" data-element_type=\"widget\" data-e-type=\"widget\" data-widget_type=\"heading.default\">\n\t\t\t\t<div class=\"elementor-widget-container\">\n\t\t\t\t\t<h3 class=\"elementor-heading-title elementor-size-default\">avec rainure et languette<\/h3>\t\t\t\t<\/div>\n\t\t\t\t<\/div>\n\t\t\t\t\t<\/div>\n\t\t\t\t<\/div>\n\t\t<div class=\"elementor-element elementor-element-6f8e84fc e-flex e-con-boxed e-con e-parent\" data-id=\"6f8e84fc\" data-element_type=\"container\" data-e-type=\"container\">\n\t\t\t\t\t<div class=\"e-con-inner\">\n\t\t<div class=\"elementor-element elementor-element-5f06c66 e-con-full e-flex e-con e-child\" data-id=\"5f06c66\" data-element_type=\"container\" data-e-type=\"container\">\n\t\t\t\t<div class=\"elementor-element elementor-element-65bd119 eael-dt-th-align-center eael-table-align-center elementor-widget elementor-widget-eael-data-table\" data-id=\"65bd119\" data-element_type=\"widget\" data-e-type=\"widget\" data-widget_type=\"eael-data-table.default\">\n\t\t\t\t<div class=\"elementor-widget-container\">\n\t\t\t\t\t\t\t<div class=\"eael-data-table-wrap\" data-table_id=\"65bd119\" id=\"eael-data-table-wrapper-65bd119\" data-custom_responsive=\"false\">\n\t\t\t<table class=\"tablesorter eael-data-table center\" id=\"eael-data-table-65bd119\">\n\t\t\t    <thead>\n\t\t\t        <tr class=\"table-header\">\n\t\t\t\t\t\t\t\t\t            <th class=\"\" id=\"\" colspan=\"\">\n\t\t\t\t\t\t\t\t\t\t\t\t\t\t<span class=\"data-table-header-text\">Dimensions<br>en mm<\/span><\/th>\n\t\t\t        \t\t\t\t            <th class=\"\" id=\"\" colspan=\"\">\n\t\t\t\t\t\t\t\t\t\t\t\t\t\t<span class=\"data-table-header-text\">Longueur<br>en m<\/span><\/th>\n\t\t\t        \t\t\t\t            <th class=\"\" id=\"\" colspan=\"\">\n\t\t\t\t\t\t\t\t\t\t\t\t\t\t<span class=\"data-table-header-text\">Prix<br>par m2<\/span><\/th>\n\t\t\t        \t\t\t\t        <\/tr>\n\t\t\t    <\/thead>\n\t\t\t  \t<tbody>\n\t\t\t\t\t\t\t\t\t\t\t<tr>\n\t\t\t\t\t\t\t\t\t\t\t\t\t\t\t\t   \t\t\t\t\t\t\t\t\t\t\t<td colspan=\"\" rowspan=\"\" class=\"\" id=\"\">\n\t\t\t\t\t\t\t\t\t\t\t\t<div class=\"td-content-wrapper\"><div class=\"td-content\">\n\t\t\t\t\t\t\t\t\t\t\t\t\t24*146 mm\t\t\t\t\t\t\t\t\t\t\t\t<\/div><\/div>\n\t\t\t\t\t\t\t\t\t\t\t<\/td>\n\t\t\t\t\t\t\t\t\t\t\t\t\t\t\t\t\t\t\t\t\t\t\t\t\t\t\t\t\t   \t\t\t\t\t\t\t\t\t\t\t<td colspan=\"\" rowspan=\"\" class=\"\" id=\"\">\n\t\t\t\t\t\t\t\t\t\t\t\t<div class=\"td-content-wrapper\"><div class=\"td-content\">\n\t\t\t\t\t\t\t\t\t\t\t\t\t3m | 4m | 5m | 6m\t\t\t\t\t\t\t\t\t\t\t\t<\/div><\/div>\n\t\t\t\t\t\t\t\t\t\t\t<\/td>\n\t\t\t\t\t\t\t\t\t\t\t\t\t\t\t\t\t\t\t\t\t\t\t\t\t\t\t\t\t   \t\t\t\t\t\t\t\t\t\t\t<td colspan=\"\" rowspan=\"\" class=\"\" id=\"\">\n\t\t\t\t\t\t\t\t\t\t\t\t<div class=\"td-content-wrapper\"><div class=\"td-content\">\n\t\t\t\t\t\t\t\t\t\t\t\t\tsur demande\t\t\t\t\t\t\t\t\t\t\t\t<\/div><\/div>\n\t\t\t\t\t\t\t\t\t\t\t<\/td>\n\t\t\t\t\t\t\t\t\t\t\t\t\t\t\t\t\t\t\t\t\t\t\t\t\t\t<\/tr>\n\t\t\t        \t\t\t\t\t\t<tr>\n\t\t\t\t\t\t\t\t\t\t\t\t\t\t\t\t   \t\t\t\t\t\t\t\t\t\t\t<td colspan=\"\" rowspan=\"\" class=\"\" id=\"\">\n\t\t\t\t\t\t\t\t\t\t\t\t<div class=\"td-content-wrapper\"><div class=\"td-content\">\n\t\t\t\t\t\t\t\t\t\t\t\t\t28*146 mm\t\t\t\t\t\t\t\t\t\t\t\t<\/div><\/div>\n\t\t\t\t\t\t\t\t\t\t\t<\/td>\n\t\t\t\t\t\t\t\t\t\t\t\t\t\t\t\t\t\t\t\t\t\t\t\t\t\t\t\t\t   \t\t\t\t\t\t\t\t\t\t\t<td colspan=\"\" rowspan=\"\" class=\"\" id=\"\">\n\t\t\t\t\t\t\t\t\t\t\t\t<div class=\"td-content-wrapper\"><div class=\"td-content\">\n\t\t\t\t\t\t\t\t\t\t\t\t\t3m | 4m | 5m | 6m\t\t\t\t\t\t\t\t\t\t\t\t<\/div><\/div>\n\t\t\t\t\t\t\t\t\t\t\t<\/td>\n\t\t\t\t\t\t\t\t\t\t\t\t\t\t\t\t\t\t\t\t\t\t\t\t\t\t\t\t\t   \t\t\t\t\t\t\t\t\t\t\t<td colspan=\"\" rowspan=\"\" class=\"\" id=\"\">\n\t\t\t\t\t\t\t\t\t\t\t\t<div class=\"td-content-wrapper\"><div class=\"td-content\">\n\t\t\t\t\t\t\t\t\t\t\t\t\tsur demande\t\t\t\t\t\t\t\t\t\t\t\t<\/div><\/div>\n\t\t\t\t\t\t\t\t\t\t\t<\/td>\n\t\t\t\t\t\t\t\t\t\t\t\t\t\t\t\t\t\t\t\t\t\t\t\t\t\t<\/tr>\n\t\t\t        \t\t\t\t\t\t<tr>\n\t\t\t\t\t\t\t\t\t\t\t\t\t\t\t\t   \t\t\t\t\t\t\t\t\t\t\t<td colspan=\"\" rowspan=\"\" class=\"\" id=\"\">\n\t\t\t\t\t\t\t\t\t\t\t\t<div class=\"td-content-wrapper\"><div class=\"td-content\">\n\t\t\t\t\t\t\t\t\t\t\t\t\t31*146 mm\t\t\t\t\t\t\t\t\t\t\t\t<\/div><\/div>\n\t\t\t\t\t\t\t\t\t\t\t<\/td>\n\t\t\t\t\t\t\t\t\t\t\t\t\t\t\t\t\t\t\t\t\t\t\t\t\t\t\t\t\t   \t\t\t\t\t\t\t\t\t\t\t<td colspan=\"\" rowspan=\"\" class=\"\" id=\"\">\n\t\t\t\t\t\t\t\t\t\t\t\t<div class=\"td-content-wrapper\"><div class=\"td-content\">\n\t\t\t\t\t\t\t\t\t\t\t\t\t3m | 4m | 5m | 6m\t\t\t\t\t\t\t\t\t\t\t\t<\/div><\/div>\n\t\t\t\t\t\t\t\t\t\t\t<\/td>\n\t\t\t\t\t\t\t\t\t\t\t\t\t\t\t\t\t\t\t\t\t\t\t\t\t\t\t\t\t   \t\t\t\t\t\t\t\t\t\t\t<td colspan=\"\" rowspan=\"\" class=\"\" id=\"\">\n\t\t\t\t\t\t\t\t\t\t\t\t<div class=\"td-content-wrapper\"><div class=\"td-content\">\n\t\t\t\t\t\t\t\t\t\t\t\t\tsur demande\t\t\t\t\t\t\t\t\t\t\t\t<\/div><\/div>\n\t\t\t\t\t\t\t\t\t\t\t<\/td>\n\t\t\t\t\t\t\t\t\t\t\t\t\t\t\t\t\t\t\t\t\t\t\t\t\t\t<\/tr>\n\t\t\t        \t\t\t    <\/tbody>\n\t\t\t<\/table>\n\t\t<\/div>\n\t  \t\t\t\t\t<\/div>\n\t\t\t\t<\/div>\n\t\t\t\t<\/div>\n\t\t<div class=\"elementor-element elementor-element-19d95a8c e-con-full e-flex e-con e-child\" data-id=\"19d95a8c\" data-element_type=\"container\" data-e-type=\"container\">\n\t\t\t\t<div class=\"elementor-element elementor-element-2354b518 elementor-widget elementor-widget-text-editor\" data-id=\"2354b518\" data-element_type=\"widget\" data-e-type=\"widget\" data-widget_type=\"text-editor.default\">\n\t\t\t\t<div class=\"elementor-widget-container\">\n\t\t\t\t\t\t\t\t\t<p><span style=\"text-decoration: underline;\"><strong>Informations sur le produit :<\/strong><\/span><\/p><p><span class=\"OYPEnA font-feature-liga-off font-feature-clig-off font-feature-calt-off text-decoration-none text-strikethrough-none\">Volige en ch\u00eane avec rainure et languette de qualit\u00e9 A\/B, \u00e9galis\u00e9e et pr\u00e9-s\u00e9ch\u00e9e (s\u00e9chage en chambre env. 20 % d&rsquo;humidit\u00e9 r\u00e9siduelle). Le bois se distingue par sa haute qualit\u00e9 et sa durabilit\u00e9.<\/span><\/p><p class=\"cvGsUA direction-ltr align-start para-style-body\"><span class=\"OYPEnA font-feature-liga-off font-feature-clig-off font-feature-calt-off text-decoration-none text-strikethrough-none\"><strong>Mat\u00e9riau :<\/strong> Bois<br \/><strong>Essence de bois :<\/strong> Ch\u00eane<br \/><strong>Surface :<\/strong> \u00e9galis\u00e9e<br \/><strong>Humidit\u00e9 :<\/strong> pr\u00e9-s\u00e9ch\u00e9e KD 20% (+- 2%)<br \/><strong>Origine :<\/strong> Saxe et Basse-Saxe<br \/><strong>Qualit\u00e9 :<\/strong> Qualit\u00e9 A\/B <\/span><\/p><p><strong>Information importante concernant la livraison :<\/strong><br \/>Lors de la livraison par notre entreprise de transport, nous vous prions de bien vouloir tenir un chariot \u00e9l\u00e9vateur \u00e0 disposition pour le d\u00e9chargement des palettes !<\/p><p><strong>Information importante concernant le retrait :<\/strong><br \/>Un retrait \u00e0 Hennef n&rsquo;est pas possible, car seuls nos bureaux s&rsquo;y trouvent.<\/p>\t\t\t\t\t\t\t\t<\/div>\n\t\t\t\t<\/div>\n\t\t\t\t<div class=\"elementor-element elementor-element-601cb5d elementor-widget elementor-widget-text-editor\" data-id=\"601cb5d\" data-element_type=\"widget\" data-e-type=\"widget\" data-widget_type=\"text-editor.default\">\n\t\t\t\t<div class=\"elementor-widget-container\">\n\t\t\t\t\t\t\t\t\t<p>*Prix hors TVA.<br \/>*Frais de transport sur demande.<br \/>*Quantit\u00e9 minimale de commande : une palette (environ 85 m\u00b2).<\/p>\t\t\t\t\t\t\t\t<\/div>\n\t\t\t\t<\/div>\n\t\t\t\t<\/div>\n\t\t\t\t\t<\/div>\n\t\t\t\t<\/div>\n\t\t<div class=\"elementor-element elementor-element-501fa407 e-flex e-con-boxed e-con e-parent\" data-id=\"501fa407\" data-element_type=\"container\" data-e-type=\"container\">\n\t\t\t\t\t<div class=\"e-con-inner\">\n\t\t<div class=\"elementor-element elementor-element-6c0112df e-con-full e-flex e-con e-child\" data-id=\"6c0112df\" data-element_type=\"container\" data-e-type=\"container\">\n\t\t<div class=\"elementor-element elementor-element-28110857 e-con-full e-flex e-con e-child\" data-id=\"28110857\" data-element_type=\"container\" data-e-type=\"container\">\n\t\t\t\t<div class=\"elementor-element elementor-element-22d34a6a elementor-widget elementor-widget-heading\" data-id=\"22d34a6a\" data-element_type=\"widget\" data-e-type=\"widget\" data-widget_type=\"heading.default\">\n\t\t\t\t<div class=\"elementor-widget-container\">\n\t\t\t\t\t<h3 class=\"elementor-heading-title elementor-size-default\">Description du produit<\/h3>\t\t\t\t<\/div>\n\t\t\t\t<\/div>\n\t\t\t\t<div class=\"elementor-element elementor-element-df2983e elementor-widget elementor-widget-text-editor\" data-id=\"df2983e\" data-element_type=\"widget\" data-e-type=\"widget\" data-widget_type=\"text-editor.default\">\n\t\t\t\t<div class=\"elementor-widget-container\">\n\t\t\t\t\t\t\t\t\t<p class=\"p1\">Notre volige est fabriqu\u00e9e \u00e0 partir de ch\u00eane de haute qualit\u00e9 et est disponible en qualit\u00e9 A\/B. La surface est \u00e9galis\u00e9e, et le bois est pr\u00e9-s\u00e9ch\u00e9e (s\u00e9chage en chambre avec une humidit\u00e9 r\u00e9siduelle d&rsquo;environ 20 % \u00b1 2 %). Ce mat\u00e9riau de haute qualit\u00e9 se distingue par sa qualit\u00e9 exceptionnelle, sa long\u00e9vit\u00e9 et sa durabilit\u00e9, et est id\u00e9al pour les projets de construction exigeants.<\/p>\t\t\t\t\t\t\t\t<\/div>\n\t\t\t\t<\/div>\n\t\t\t\t<\/div>\n\t\t<div class=\"elementor-element elementor-element-1557004 e-con-full e-flex e-con e-child\" data-id=\"1557004\" data-element_type=\"container\" data-e-type=\"container\">\n\t\t\t\t<div class=\"elementor-element elementor-element-498a2bd1 elementor-widget elementor-widget-heading\" data-id=\"498a2bd1\" data-element_type=\"widget\" data-e-type=\"widget\" data-widget_type=\"heading.default\">\n\t\t\t\t<div class=\"elementor-widget-container\">\n\t\t\t\t\t<h3 class=\"elementor-heading-title elementor-size-default\">Domaines d'application et utilisations<\/h3>\t\t\t\t<\/div>\n\t\t\t\t<\/div>\n\t\t\t\t<div class=\"elementor-element elementor-element-76dbd315 elementor-widget elementor-widget-text-editor\" data-id=\"76dbd315\" data-element_type=\"widget\" data-e-type=\"widget\" data-widget_type=\"text-editor.default\">\n\t\t\t\t<div class=\"elementor-widget-container\">\n\t\t\t\t\t\t\t\t\t<p>La volige en ch\u00eane convient parfaitement aux rev\u00eatements de toiture, aux bardages de fa\u00e7ade et autres constructions ext\u00e9rieures. Gr\u00e2ce \u00e0 sa r\u00e9sistance naturelle aux intemp\u00e9ries et \u00e0 l&rsquo;humidit\u00e9, le bois peut \u00eatre utilis\u00e9 aussi bien dans le secteur priv\u00e9 que commercial.<\/p>\t\t\t\t\t\t\t\t<\/div>\n\t\t\t\t<\/div>\n\t\t\t\t<\/div>\n\t\t<div class=\"elementor-element elementor-element-3f2cbb14 e-con-full e-flex e-con e-child\" data-id=\"3f2cbb14\" data-element_type=\"container\" data-e-type=\"container\">\n\t\t\t\t<div class=\"elementor-element elementor-element-4d1b5848 elementor-widget elementor-widget-heading\" data-id=\"4d1b5848\" data-element_type=\"widget\" data-e-type=\"widget\" data-widget_type=\"heading.default\">\n\t\t\t\t<div class=\"elementor-widget-container\">\n\t\t\t\t\t<h3 class=\"elementor-heading-title elementor-size-default\">Origine et durabilit\u00e9<\/h3>\t\t\t\t<\/div>\n\t\t\t\t<\/div>\n\t\t\t\t<div class=\"elementor-element elementor-element-17abdf98 elementor-widget elementor-widget-text-editor\" data-id=\"17abdf98\" data-element_type=\"widget\" data-e-type=\"widget\" data-widget_type=\"text-editor.default\">\n\t\t\t\t<div class=\"elementor-widget-container\">\n\t\t\t\t\t\t\t\t\t<p>Le bois provient de for\u00eats g\u00e9r\u00e9es durablement en Saxe et Basse-Saxe. Son origine r\u00e9gionale assure des trajets de transport courts et une production respectueuse de l&rsquo;environnement. Gr\u00e2ce \u00e0 sa haute qualit\u00e9, le mat\u00e9riau est un choix id\u00e9al pour les projets de construction durables.<\/p>\t\t\t\t\t\t\t\t<\/div>\n\t\t\t\t<\/div>\n\t\t\t\t<\/div>\n\t\t<div class=\"elementor-element elementor-element-64a3aaf7 e-con-full e-flex e-con e-child\" data-id=\"64a3aaf7\" data-element_type=\"container\" data-e-type=\"container\">\n\t\t\t\t<div class=\"elementor-element elementor-element-64cb8c84 elementor-widget elementor-widget-heading\" data-id=\"64cb8c84\" data-element_type=\"widget\" data-e-type=\"widget\" data-widget_type=\"heading.default\">\n\t\t\t\t<div class=\"elementor-widget-container\">\n\t\t\t\t\t<h3 class=\"elementor-heading-title elementor-size-default\">Livraison et retrait<\/h3>\t\t\t\t<\/div>\n\t\t\t\t<\/div>\n\t\t\t\t<div class=\"elementor-element elementor-element-6b48e7c0 elementor-widget elementor-widget-text-editor\" data-id=\"6b48e7c0\" data-element_type=\"widget\" data-e-type=\"widget\" data-widget_type=\"text-editor.default\">\n\t\t\t\t<div class=\"elementor-widget-container\">\n\t\t\t\t\t\t\t\t\t<p data-start=\"0\" data-end=\"271\">La livraison est flexible. Nous travaillons avec un grand nombre d&rsquo;entreprises de transport et pouvons r\u00e9server pour vous tout itin\u00e9raire de transport souhait\u00e9. Le d\u00e9lai de livraison est g\u00e9n\u00e9ralement de 2 \u00e0 4 semaines maximum. Alternativement, vous pouvez \u00e9galement retirer votre commande vous-m\u00eame.<\/p><p data-start=\"273\" data-end=\"627\" data-is-last-node=\"\" data-is-only-node=\"\"><strong>Veuillez noter : <\/strong>Un retrait \u00e0 Hennef n&rsquo;est pas possible. Le retrait s&rsquo;effectue directement aupr\u00e8s de la production comp\u00e9tente, dont l&#8217;emplacement varie selon le produit. Nous nous ferons un plaisir de vous communiquer le lieu de retrait correspondant apr\u00e8s votre demande, si vous optez pour un retrait par vous-m\u00eame.<\/p>\t\t\t\t\t\t\t\t<\/div>\n\t\t\t\t<\/div>\n\t\t\t\t<\/div>\n\t\t\t\t<\/div>\n\t\t\t\t\t<\/div>\n\t\t\t\t<\/div>\n\t\t\t\t<\/div>\n\t\t","protected":false},"excerpt":{"rendered":"<p>Volige de ch\u00eane disponible avec rainure et languette Demander un devis >> Volige de ch\u00eane. avec rainure et languette Dimensionsen mm Longueuren m Prixpar m2 24*146 mm 3m | 4m | 5m | 6m sur demande 28*146 mm 3m | 4m | 5m | 6m sur demande 31*146 mm 3m | 4m | 5m | [&hellip;]<\/p>\n","protected":false},"author":1,"featured_media":0,"parent":0,"menu_order":0,"comment_status":"closed","ping_status":"closed","template":"","meta":{"footnotes":""},"class_list":["post-8412","page","type-page","status-publish","hentry"],"yoast_head":"<!-- This site is optimized with the Yoast SEO plugin v27.4 - https:\/\/yoast.com\/product\/yoast-seo-wordpress\/ -->\n<title>Volige de ch\u00eane - World Wide Wood<\/title>\n<meta name=\"robots\" content=\"index, follow, max-snippet:-1, max-image-preview:large, max-video-preview:-1\" \/>\n<link rel=\"canonical\" href=\"https:\/\/worldwide-wood.de\/fr\/volige-de-chene\/\" \/>\n<meta property=\"og:locale\" content=\"fr_FR\" \/>\n<meta property=\"og:type\" content=\"article\" \/>\n<meta property=\"og:title\" content=\"Volige de ch\u00eane - World Wide Wood\" \/>\n<meta property=\"og:description\" content=\"Volige de ch\u00eane disponible avec rainure et languette Demander un devis &gt;&gt; Volige de ch\u00eane. avec rainure et languette Dimensionsen mm Longueuren m Prixpar m2 24*146 mm 3m | 4m | 5m | 6m sur demande 28*146 mm 3m | 4m | 5m | 6m sur demande 31*146 mm 3m | 4m | 5m | [&hellip;]\" \/>\n<meta property=\"og:url\" content=\"https:\/\/worldwide-wood.de\/fr\/volige-de-chene\/\" \/>\n<meta property=\"og:site_name\" content=\"World Wide Wood\" \/>\n<meta property=\"article:modified_time\" content=\"2025-07-16T18:11:37+00:00\" \/>\n<meta name=\"twitter:card\" content=\"summary_large_image\" \/>\n<meta name=\"twitter:label1\" content=\"Dur\u00e9e de lecture estim\u00e9e\" \/>\n\t<meta name=\"twitter:data1\" content=\"2 minutes\" \/>\n<script type=\"application\/ld+json\" class=\"yoast-schema-graph\">{\"@context\":\"https:\\\/\\\/schema.org\",\"@graph\":[{\"@type\":\"WebPage\",\"@id\":\"https:\\\/\\\/worldwide-wood.de\\\/fr\\\/volige-de-chene\\\/\",\"url\":\"https:\\\/\\\/worldwide-wood.de\\\/fr\\\/volige-de-chene\\\/\",\"name\":\"Volige de ch\u00eane - World Wide Wood\",\"isPartOf\":{\"@id\":\"https:\\\/\\\/worldwide-wood.de\\\/fr\\\/#website\"},\"datePublished\":\"2025-01-07T12:22:39+00:00\",\"dateModified\":\"2025-07-16T18:11:37+00:00\",\"breadcrumb\":{\"@id\":\"https:\\\/\\\/worldwide-wood.de\\\/fr\\\/volige-de-chene\\\/#breadcrumb\"},\"inLanguage\":\"fr-FR\",\"potentialAction\":[{\"@type\":\"ReadAction\",\"target\":[\"https:\\\/\\\/worldwide-wood.de\\\/fr\\\/volige-de-chene\\\/\"]}]},{\"@type\":\"BreadcrumbList\",\"@id\":\"https:\\\/\\\/worldwide-wood.de\\\/fr\\\/volige-de-chene\\\/#breadcrumb\",\"itemListElement\":[{\"@type\":\"ListItem\",\"position\":1,\"name\":\"Startseite\",\"item\":\"https:\\\/\\\/worldwide-wood.de\\\/fr\\\/\"},{\"@type\":\"ListItem\",\"position\":2,\"name\":\"Volige de ch\u00eane\"}]},{\"@type\":\"WebSite\",\"@id\":\"https:\\\/\\\/worldwide-wood.de\\\/fr\\\/#website\",\"url\":\"https:\\\/\\\/worldwide-wood.de\\\/fr\\\/\",\"name\":\"World Wide Wood\",\"description\":\"World Wide Wood\",\"publisher\":{\"@id\":\"https:\\\/\\\/worldwide-wood.de\\\/fr\\\/#organization\"},\"potentialAction\":[{\"@type\":\"SearchAction\",\"target\":{\"@type\":\"EntryPoint\",\"urlTemplate\":\"https:\\\/\\\/worldwide-wood.de\\\/fr\\\/?s={search_term_string}\"},\"query-input\":{\"@type\":\"PropertyValueSpecification\",\"valueRequired\":true,\"valueName\":\"search_term_string\"}}],\"inLanguage\":\"fr-FR\"},{\"@type\":\"Organization\",\"@id\":\"https:\\\/\\\/worldwide-wood.de\\\/fr\\\/#organization\",\"name\":\"World Wide Wood\",\"url\":\"https:\\\/\\\/worldwide-wood.de\\\/fr\\\/\",\"logo\":{\"@type\":\"ImageObject\",\"inLanguage\":\"fr-FR\",\"@id\":\"https:\\\/\\\/worldwide-wood.de\\\/fr\\\/#\\\/schema\\\/logo\\\/image\\\/\",\"url\":\"https:\\\/\\\/worldwide-wood.de\\\/wp-content\\\/uploads\\\/2024\\\/07\\\/Logo-Word-Wide-Wood.png\",\"contentUrl\":\"https:\\\/\\\/worldwide-wood.de\\\/wp-content\\\/uploads\\\/2024\\\/07\\\/Logo-Word-Wide-Wood.png\",\"width\":500,\"height\":500,\"caption\":\"World Wide Wood\"},\"image\":{\"@id\":\"https:\\\/\\\/worldwide-wood.de\\\/fr\\\/#\\\/schema\\\/logo\\\/image\\\/\"}}]}<\/script>\n<!-- \/ Yoast SEO plugin. -->","yoast_head_json":{"title":"Volige de ch\u00eane - World Wide Wood","robots":{"index":"index","follow":"follow","max-snippet":"max-snippet:-1","max-image-preview":"max-image-preview:large","max-video-preview":"max-video-preview:-1"},"canonical":"https:\/\/worldwide-wood.de\/fr\/volige-de-chene\/","og_locale":"fr_FR","og_type":"article","og_title":"Volige de ch\u00eane - World Wide Wood","og_description":"Volige de ch\u00eane disponible avec rainure et languette Demander un devis >> Volige de ch\u00eane. avec rainure et languette Dimensionsen mm Longueuren m Prixpar m2 24*146 mm 3m | 4m | 5m | 6m sur demande 28*146 mm 3m | 4m | 5m | 6m sur demande 31*146 mm 3m | 4m | 5m | [&hellip;]","og_url":"https:\/\/worldwide-wood.de\/fr\/volige-de-chene\/","og_site_name":"World Wide Wood","article_modified_time":"2025-07-16T18:11:37+00:00","twitter_card":"summary_large_image","twitter_misc":{"Dur\u00e9e de lecture estim\u00e9e":"2 minutes"},"schema":{"@context":"https:\/\/schema.org","@graph":[{"@type":"WebPage","@id":"https:\/\/worldwide-wood.de\/fr\/volige-de-chene\/","url":"https:\/\/worldwide-wood.de\/fr\/volige-de-chene\/","name":"Volige de ch\u00eane - World Wide Wood","isPartOf":{"@id":"https:\/\/worldwide-wood.de\/fr\/#website"},"datePublished":"2025-01-07T12:22:39+00:00","dateModified":"2025-07-16T18:11:37+00:00","breadcrumb":{"@id":"https:\/\/worldwide-wood.de\/fr\/volige-de-chene\/#breadcrumb"},"inLanguage":"fr-FR","potentialAction":[{"@type":"ReadAction","target":["https:\/\/worldwide-wood.de\/fr\/volige-de-chene\/"]}]},{"@type":"BreadcrumbList","@id":"https:\/\/worldwide-wood.de\/fr\/volige-de-chene\/#breadcrumb","itemListElement":[{"@type":"ListItem","position":1,"name":"Startseite","item":"https:\/\/worldwide-wood.de\/fr\/"},{"@type":"ListItem","position":2,"name":"Volige de ch\u00eane"}]},{"@type":"WebSite","@id":"https:\/\/worldwide-wood.de\/fr\/#website","url":"https:\/\/worldwide-wood.de\/fr\/","name":"World Wide Wood","description":"World Wide Wood","publisher":{"@id":"https:\/\/worldwide-wood.de\/fr\/#organization"},"potentialAction":[{"@type":"SearchAction","target":{"@type":"EntryPoint","urlTemplate":"https:\/\/worldwide-wood.de\/fr\/?s={search_term_string}"},"query-input":{"@type":"PropertyValueSpecification","valueRequired":true,"valueName":"search_term_string"}}],"inLanguage":"fr-FR"},{"@type":"Organization","@id":"https:\/\/worldwide-wood.de\/fr\/#organization","name":"World Wide Wood","url":"https:\/\/worldwide-wood.de\/fr\/","logo":{"@type":"ImageObject","inLanguage":"fr-FR","@id":"https:\/\/worldwide-wood.de\/fr\/#\/schema\/logo\/image\/","url":"https:\/\/worldwide-wood.de\/wp-content\/uploads\/2024\/07\/Logo-Word-Wide-Wood.png","contentUrl":"https:\/\/worldwide-wood.de\/wp-content\/uploads\/2024\/07\/Logo-Word-Wide-Wood.png","width":500,"height":500,"caption":"World Wide Wood"},"image":{"@id":"https:\/\/worldwide-wood.de\/fr\/#\/schema\/logo\/image\/"}}]}},"_links":{"self":[{"href":"https:\/\/worldwide-wood.de\/fr\/wp-json\/wp\/v2\/pages\/8412","targetHints":{"allow":["GET"]}}],"collection":[{"href":"https:\/\/worldwide-wood.de\/fr\/wp-json\/wp\/v2\/pages"}],"about":[{"href":"https:\/\/worldwide-wood.de\/fr\/wp-json\/wp\/v2\/types\/page"}],"author":[{"embeddable":true,"href":"https:\/\/worldwide-wood.de\/fr\/wp-json\/wp\/v2\/users\/1"}],"replies":[{"embeddable":true,"href":"https:\/\/worldwide-wood.de\/fr\/wp-json\/wp\/v2\/comments?post=8412"}],"version-history":[{"count":0,"href":"https:\/\/worldwide-wood.de\/fr\/wp-json\/wp\/v2\/pages\/8412\/revisions"}],"wp:attachment":[{"href":"https:\/\/worldwide-wood.de\/fr\/wp-json\/wp\/v2\/media?parent=8412"}],"curies":[{"name":"wp","href":"https:\/\/api.w.org\/{rel}","templated":true}]}}