{"id":8534,"date":"2024-07-15T14:04:20","date_gmt":"2024-07-15T14:04:20","guid":{"rendered":"https:\/\/worldwide-wood.de\/paatryk\/"},"modified":"2025-07-18T15:08:03","modified_gmt":"2025-07-18T15:08:03","slug":"paatryk","status":"publish","type":"page","link":"https:\/\/worldwide-wood.de\/da\/paatryk\/","title":{"rendered":"Kolofon"},"content":{"rendered":"\t\t<div data-elementor-type=\"wp-page\" data-elementor-id=\"8534\" class=\"elementor elementor-8534 elementor-53\" data-elementor-post-type=\"page\">\n\t\t\t\t<div class=\"elementor-element elementor-element-9360cca e-flex e-con-boxed e-con e-parent\" data-id=\"9360cca\" data-element_type=\"container\" data-e-type=\"container\">\n\t\t\t\t\t<div class=\"e-con-inner\">\n\t\t\t\t<div class=\"elementor-element elementor-element-cd026e1 elementor-widget elementor-widget-html\" data-id=\"cd026e1\" data-element_type=\"widget\" data-e-type=\"widget\" data-widget_type=\"html.default\">\n\t\t\t\t<div class=\"elementor-widget-container\">\n\t\t\t\t\t<h1>Kolofon<\/h1>\n\n<p>Himmel og Knott GbR<br \/>\nObere Siegstra&szlig;e 24<br \/>\n53773 Hennef<\/p>\n\n<p><strong>Indehavere:<\/strong><br \/>\nVincent Knott og Damian Himmel<\/p>\n\n<h2>Kontakt<\/h2>\n<p>Telefon: +49 2242 9483009<br \/>\nE-mail: info@worldwide-wood.de<\/p>\n\n<h2>Momsnummer<\/h2>\n<p>Momsregistreringsnummer i henhold til &sect; 27 a i momsloven:<br \/>\nDE359038003<\/p>\n\n<h2>EU-tvistbil\u00e6ggelse<\/h2>\n<p>Europa-Kommissionen stiller en platform for online tvistbil\u00e6ggelse (OS) til r\u00e5dighed: <a href=\"https:\/\/ec.europa.eu\/consumers\/odr\/\" target=\"_blank\" rel=\"noopener noreferrer\">https:\/\/ec.europa.eu\/consumers\/odr\/<\/a>.<br \/> Vores e-mailadresse findes \u00f8verst i kolofonen.<\/p>\n\n<h2>Forbruger&shy;tvistbil\u00e6ggelse\/Universal&shy;m\u00e6glingsorgan<\/h2>\n<p>Vi er ikke villige eller forpligtede til at deltage i tvistbil\u00e6ggelsesprocedurer for en forbrugertvistbil\u00e6ggelsesinstans.<\/p>\t\t\t\t<\/div>\n\t\t\t\t<\/div>\n\t\t\t\t\t<\/div>\n\t\t\t\t<\/div>\n\t\t\t\t<\/div>\n\t\t","protected":false},"excerpt":{"rendered":"<p>Kolofon Himmel og Knott GbR Obere Siegstra&szlig;e 24 53773 Hennef Indehavere: Vincent Knott og Damian Himmel Kontakt Telefon: +49 2242 9483009 E-mail: info@worldwide-wood.de Momsnummer Momsregistreringsnummer i henhold til &sect; 27 a i momsloven: DE359038003 EU-tvistbil\u00e6ggelse Europa-Kommissionen stiller en platform for online tvistbil\u00e6ggelse (OS) til r\u00e5dighed: https:\/\/ec.europa.eu\/consumers\/odr\/. Vores e-mailadresse findes \u00f8verst i kolofonen. Forbruger&shy;tvistbil\u00e6ggelse\/Universal&shy;m\u00e6glingsorgan Vi er [&hellip;]<\/p>\n","protected":false},"author":1,"featured_media":0,"parent":0,"menu_order":0,"comment_status":"closed","ping_status":"closed","template":"","meta":{"footnotes":""},"class_list":["post-8534","page","type-page","status-publish","hentry"],"yoast_head":"<!-- This site is optimized with the Yoast SEO plugin v27.4 - https:\/\/yoast.com\/product\/yoast-seo-wordpress\/ -->\n<title>Kolofon - World Wide Wood<\/title>\n<meta name=\"robots\" content=\"index, follow, max-snippet:-1, max-image-preview:large, max-video-preview:-1\" \/>\n<link rel=\"canonical\" href=\"https:\/\/worldwide-wood.de\/da\/paatryk\/\" \/>\n<meta property=\"og:locale\" content=\"da_DK\" \/>\n<meta property=\"og:type\" content=\"article\" \/>\n<meta property=\"og:title\" content=\"Kolofon - World Wide Wood\" \/>\n<meta property=\"og:description\" content=\"Kolofon Himmel og Knott GbR Obere Siegstra&szlig;e 24 53773 Hennef Indehavere: Vincent Knott og Damian Himmel Kontakt Telefon: +49 2242 9483009 E-mail: info@worldwide-wood.de Momsnummer Momsregistreringsnummer i henhold til &sect; 27 a i momsloven: DE359038003 EU-tvistbil\u00e6ggelse Europa-Kommissionen stiller en platform for online tvistbil\u00e6ggelse (OS) til r\u00e5dighed: https:\/\/ec.europa.eu\/consumers\/odr\/. Vores e-mailadresse findes \u00f8verst i kolofonen. Forbruger&shy;tvistbil\u00e6ggelse\/Universal&shy;m\u00e6glingsorgan Vi er [&hellip;]\" \/>\n<meta property=\"og:url\" content=\"https:\/\/worldwide-wood.de\/da\/paatryk\/\" \/>\n<meta property=\"og:site_name\" content=\"World Wide Wood\" \/>\n<meta property=\"article:modified_time\" content=\"2025-07-18T15:08:03+00:00\" \/>\n<meta name=\"twitter:card\" content=\"summary_large_image\" \/>\n<script type=\"application\/ld+json\" class=\"yoast-schema-graph\">{\"@context\":\"https:\\\/\\\/schema.org\",\"@graph\":[{\"@type\":\"WebPage\",\"@id\":\"https:\\\/\\\/worldwide-wood.de\\\/da\\\/paatryk\\\/\",\"url\":\"https:\\\/\\\/worldwide-wood.de\\\/da\\\/paatryk\\\/\",\"name\":\"Kolofon - World Wide Wood\",\"isPartOf\":{\"@id\":\"https:\\\/\\\/worldwide-wood.de\\\/da\\\/#website\"},\"datePublished\":\"2024-07-15T14:04:20+00:00\",\"dateModified\":\"2025-07-18T15:08:03+00:00\",\"breadcrumb\":{\"@id\":\"https:\\\/\\\/worldwide-wood.de\\\/da\\\/paatryk\\\/#breadcrumb\"},\"inLanguage\":\"da-DK\",\"potentialAction\":[{\"@type\":\"ReadAction\",\"target\":[\"https:\\\/\\\/worldwide-wood.de\\\/da\\\/paatryk\\\/\"]}]},{\"@type\":\"BreadcrumbList\",\"@id\":\"https:\\\/\\\/worldwide-wood.de\\\/da\\\/paatryk\\\/#breadcrumb\",\"itemListElement\":[{\"@type\":\"ListItem\",\"position\":1,\"name\":\"Startseite\",\"item\":\"https:\\\/\\\/worldwide-wood.de\\\/da\\\/\"},{\"@type\":\"ListItem\",\"position\":2,\"name\":\"Kolofon\"}]},{\"@type\":\"WebSite\",\"@id\":\"https:\\\/\\\/worldwide-wood.de\\\/da\\\/#website\",\"url\":\"https:\\\/\\\/worldwide-wood.de\\\/da\\\/\",\"name\":\"World Wide Wood\",\"description\":\"World Wide Wood\",\"publisher\":{\"@id\":\"https:\\\/\\\/worldwide-wood.de\\\/da\\\/#organization\"},\"potentialAction\":[{\"@type\":\"SearchAction\",\"target\":{\"@type\":\"EntryPoint\",\"urlTemplate\":\"https:\\\/\\\/worldwide-wood.de\\\/da\\\/?s={search_term_string}\"},\"query-input\":{\"@type\":\"PropertyValueSpecification\",\"valueRequired\":true,\"valueName\":\"search_term_string\"}}],\"inLanguage\":\"da-DK\"},{\"@type\":\"Organization\",\"@id\":\"https:\\\/\\\/worldwide-wood.de\\\/da\\\/#organization\",\"name\":\"World Wide Wood\",\"url\":\"https:\\\/\\\/worldwide-wood.de\\\/da\\\/\",\"logo\":{\"@type\":\"ImageObject\",\"inLanguage\":\"da-DK\",\"@id\":\"https:\\\/\\\/worldwide-wood.de\\\/da\\\/#\\\/schema\\\/logo\\\/image\\\/\",\"url\":\"https:\\\/\\\/worldwide-wood.de\\\/wp-content\\\/uploads\\\/2024\\\/07\\\/Logo-Word-Wide-Wood.png\",\"contentUrl\":\"https:\\\/\\\/worldwide-wood.de\\\/wp-content\\\/uploads\\\/2024\\\/07\\\/Logo-Word-Wide-Wood.png\",\"width\":500,\"height\":500,\"caption\":\"World Wide Wood\"},\"image\":{\"@id\":\"https:\\\/\\\/worldwide-wood.de\\\/da\\\/#\\\/schema\\\/logo\\\/image\\\/\"}}]}<\/script>\n<!-- \/ Yoast SEO plugin. -->","yoast_head_json":{"title":"Kolofon - World Wide Wood","robots":{"index":"index","follow":"follow","max-snippet":"max-snippet:-1","max-image-preview":"max-image-preview:large","max-video-preview":"max-video-preview:-1"},"canonical":"https:\/\/worldwide-wood.de\/da\/paatryk\/","og_locale":"da_DK","og_type":"article","og_title":"Kolofon - World Wide Wood","og_description":"Kolofon Himmel og Knott GbR Obere Siegstra&szlig;e 24 53773 Hennef Indehavere: Vincent Knott og Damian Himmel Kontakt Telefon: +49 2242 9483009 E-mail: info@worldwide-wood.de Momsnummer Momsregistreringsnummer i henhold til &sect; 27 a i momsloven: DE359038003 EU-tvistbil\u00e6ggelse Europa-Kommissionen stiller en platform for online tvistbil\u00e6ggelse (OS) til r\u00e5dighed: https:\/\/ec.europa.eu\/consumers\/odr\/. Vores e-mailadresse findes \u00f8verst i kolofonen. Forbruger&shy;tvistbil\u00e6ggelse\/Universal&shy;m\u00e6glingsorgan Vi er [&hellip;]","og_url":"https:\/\/worldwide-wood.de\/da\/paatryk\/","og_site_name":"World Wide Wood","article_modified_time":"2025-07-18T15:08:03+00:00","twitter_card":"summary_large_image","schema":{"@context":"https:\/\/schema.org","@graph":[{"@type":"WebPage","@id":"https:\/\/worldwide-wood.de\/da\/paatryk\/","url":"https:\/\/worldwide-wood.de\/da\/paatryk\/","name":"Kolofon - World Wide Wood","isPartOf":{"@id":"https:\/\/worldwide-wood.de\/da\/#website"},"datePublished":"2024-07-15T14:04:20+00:00","dateModified":"2025-07-18T15:08:03+00:00","breadcrumb":{"@id":"https:\/\/worldwide-wood.de\/da\/paatryk\/#breadcrumb"},"inLanguage":"da-DK","potentialAction":[{"@type":"ReadAction","target":["https:\/\/worldwide-wood.de\/da\/paatryk\/"]}]},{"@type":"BreadcrumbList","@id":"https:\/\/worldwide-wood.de\/da\/paatryk\/#breadcrumb","itemListElement":[{"@type":"ListItem","position":1,"name":"Startseite","item":"https:\/\/worldwide-wood.de\/da\/"},{"@type":"ListItem","position":2,"name":"Kolofon"}]},{"@type":"WebSite","@id":"https:\/\/worldwide-wood.de\/da\/#website","url":"https:\/\/worldwide-wood.de\/da\/","name":"World Wide Wood","description":"World Wide Wood","publisher":{"@id":"https:\/\/worldwide-wood.de\/da\/#organization"},"potentialAction":[{"@type":"SearchAction","target":{"@type":"EntryPoint","urlTemplate":"https:\/\/worldwide-wood.de\/da\/?s={search_term_string}"},"query-input":{"@type":"PropertyValueSpecification","valueRequired":true,"valueName":"search_term_string"}}],"inLanguage":"da-DK"},{"@type":"Organization","@id":"https:\/\/worldwide-wood.de\/da\/#organization","name":"World Wide Wood","url":"https:\/\/worldwide-wood.de\/da\/","logo":{"@type":"ImageObject","inLanguage":"da-DK","@id":"https:\/\/worldwide-wood.de\/da\/#\/schema\/logo\/image\/","url":"https:\/\/worldwide-wood.de\/wp-content\/uploads\/2024\/07\/Logo-Word-Wide-Wood.png","contentUrl":"https:\/\/worldwide-wood.de\/wp-content\/uploads\/2024\/07\/Logo-Word-Wide-Wood.png","width":500,"height":500,"caption":"World Wide Wood"},"image":{"@id":"https:\/\/worldwide-wood.de\/da\/#\/schema\/logo\/image\/"}}]}},"_links":{"self":[{"href":"https:\/\/worldwide-wood.de\/da\/wp-json\/wp\/v2\/pages\/8534","targetHints":{"allow":["GET"]}}],"collection":[{"href":"https:\/\/worldwide-wood.de\/da\/wp-json\/wp\/v2\/pages"}],"about":[{"href":"https:\/\/worldwide-wood.de\/da\/wp-json\/wp\/v2\/types\/page"}],"author":[{"embeddable":true,"href":"https:\/\/worldwide-wood.de\/da\/wp-json\/wp\/v2\/users\/1"}],"replies":[{"embeddable":true,"href":"https:\/\/worldwide-wood.de\/da\/wp-json\/wp\/v2\/comments?post=8534"}],"version-history":[{"count":0,"href":"https:\/\/worldwide-wood.de\/da\/wp-json\/wp\/v2\/pages\/8534\/revisions"}],"wp:attachment":[{"href":"https:\/\/worldwide-wood.de\/da\/wp-json\/wp\/v2\/media?parent=8534"}],"curies":[{"name":"wp","href":"https:\/\/api.w.org\/{rel}","templated":true}]}}