{"id":8121,"date":"2025-01-07T12:22:39","date_gmt":"2025-01-07T12:22:39","guid":{"rendered":"https:\/\/worldwide-wood.de\/rauhspund-i-eg\/"},"modified":"2025-07-16T15:50:52","modified_gmt":"2025-07-16T15:50:52","slug":"rauhspund-i-eg","status":"publish","type":"page","link":"https:\/\/worldwide-wood.de\/da\/rauhspund-i-eg\/","title":{"rendered":"Rauhspund i eg"},"content":{"rendered":"\t\t<div data-elementor-type=\"wp-page\" data-elementor-id=\"8121\" class=\"elementor elementor-8121 elementor-5544\" data-elementor-post-type=\"page\">\n\t\t\t\t<div class=\"elementor-element elementor-element-260f556b e-flex e-con-boxed e-con e-parent\" data-id=\"260f556b\" data-element_type=\"container\" data-e-type=\"container\" data-settings=\"{&quot;background_background&quot;:&quot;gradient&quot;}\">\n\t\t\t\t\t<div class=\"e-con-inner\">\n\t\t<div class=\"elementor-element elementor-element-63ccedcc e-con-full e-flex e-con e-child\" data-id=\"63ccedcc\" data-element_type=\"container\" data-e-type=\"container\">\n\t\t<div class=\"elementor-element elementor-element-4bbc65c5 e-con-full e-flex e-con e-child\" data-id=\"4bbc65c5\" data-element_type=\"container\" data-e-type=\"container\">\n\t\t\t\t<div class=\"elementor-element elementor-element-539b5b57 elementor-widget elementor-widget-heading\" data-id=\"539b5b57\" data-element_type=\"widget\" data-e-type=\"widget\" data-widget_type=\"heading.default\">\n\t\t\t\t<div class=\"elementor-widget-container\">\n\t\t\t\t\t<h1 class=\"elementor-heading-title elementor-size-default\">Rauhspund i eg<\/h1>\t\t\t\t<\/div>\n\t\t\t\t<\/div>\n\t\t\t\t<div class=\"elementor-element elementor-element-1b00f850 elementor-widget elementor-widget-text-editor\" data-id=\"1b00f850\" data-element_type=\"widget\" data-e-type=\"widget\" data-widget_type=\"text-editor.default\">\n\t\t\t\t<div class=\"elementor-widget-container\">\n\t\t\t\t\t\t\t\t\t<p>f\u00e5s med fer og not<\/p>\t\t\t\t\t\t\t\t<\/div>\n\t\t\t\t<\/div>\n\t\t\t\t<div class=\"elementor-element elementor-element-7f0e5e93 elementor-widget elementor-widget-button\" data-id=\"7f0e5e93\" data-element_type=\"widget\" data-e-type=\"widget\" data-widget_type=\"button.default\">\n\t\t\t\t<div class=\"elementor-widget-container\">\n\t\t\t\t\t\t\t\t\t<div class=\"elementor-button-wrapper\">\n\t\t\t\t\t<a class=\"elementor-button elementor-button-link elementor-size-sm\" href=\"https:\/\/worldwide-wood.de\/kontakt\/\">\n\t\t\t\t\t\t<span class=\"elementor-button-content-wrapper\">\n\t\t\t\t\t\t\t\t\t<span class=\"elementor-button-text\">Indhent tilbud &gt;&gt;<\/span>\n\t\t\t\t\t<\/span>\n\t\t\t\t\t<\/a>\n\t\t\t\t<\/div>\n\t\t\t\t\t\t\t\t<\/div>\n\t\t\t\t<\/div>\n\t\t\t\t<\/div>\n\t\t\t\t<\/div>\n\t\t\t\t\t<\/div>\n\t\t\t\t<\/div>\n\t\t<div class=\"elementor-element elementor-element-2c00310e e-flex e-con-boxed e-con e-parent\" data-id=\"2c00310e\" data-element_type=\"container\" data-e-type=\"container\">\n\t\t\t\t\t<div class=\"e-con-inner\">\n\t\t\t\t<div class=\"elementor-element elementor-element-53b3e95b elementor-widget elementor-widget-heading\" data-id=\"53b3e95b\" data-element_type=\"widget\" data-e-type=\"widget\" data-widget_type=\"heading.default\">\n\t\t\t\t<div class=\"elementor-widget-container\">\n\t\t\t\t\t<h2 class=\"elementor-heading-title elementor-size-default\">Rauhspund i eg.<\/h2>\t\t\t\t<\/div>\n\t\t\t\t<\/div>\n\t\t\t\t<div class=\"elementor-element elementor-element-2b9d62ac elementor-widget elementor-widget-heading\" data-id=\"2b9d62ac\" data-element_type=\"widget\" data-e-type=\"widget\" data-widget_type=\"heading.default\">\n\t\t\t\t<div class=\"elementor-widget-container\">\n\t\t\t\t\t<h3 class=\"elementor-heading-title elementor-size-default\">med fer og not<\/h3>\t\t\t\t<\/div>\n\t\t\t\t<\/div>\n\t\t\t\t\t<\/div>\n\t\t\t\t<\/div>\n\t\t<div class=\"elementor-element elementor-element-6f8e84fc e-flex e-con-boxed e-con e-parent\" data-id=\"6f8e84fc\" data-element_type=\"container\" data-e-type=\"container\">\n\t\t\t\t\t<div class=\"e-con-inner\">\n\t\t<div class=\"elementor-element elementor-element-5f06c66 e-con-full e-flex e-con e-child\" data-id=\"5f06c66\" data-element_type=\"container\" data-e-type=\"container\">\n\t\t\t\t<div class=\"elementor-element elementor-element-65bd119 eael-dt-th-align-center eael-table-align-center elementor-widget elementor-widget-eael-data-table\" data-id=\"65bd119\" data-element_type=\"widget\" data-e-type=\"widget\" data-widget_type=\"eael-data-table.default\">\n\t\t\t\t<div class=\"elementor-widget-container\">\n\t\t\t\t\t\t\t<div class=\"eael-data-table-wrap\" data-table_id=\"65bd119\" id=\"eael-data-table-wrapper-65bd119\" data-custom_responsive=\"false\">\n\t\t\t<table class=\"tablesorter eael-data-table center\" id=\"eael-data-table-65bd119\">\n\t\t\t    <thead>\n\t\t\t        <tr class=\"table-header\">\n\t\t\t\t\t\t\t\t\t            <th class=\"\" id=\"\" colspan=\"\">\n\t\t\t\t\t\t\t\t\t\t\t\t\t\t<span class=\"data-table-header-text\">M\u00e5l<br>i mm<\/span><\/th>\n\t\t\t        \t\t\t\t            <th class=\"\" id=\"\" colspan=\"\">\n\t\t\t\t\t\t\t\t\t\t\t\t\t\t<span class=\"data-table-header-text\">L\u00e6ngde<br>i m<\/span><\/th>\n\t\t\t        \t\t\t\t            <th class=\"\" id=\"\" colspan=\"\">\n\t\t\t\t\t\t\t\t\t\t\t\t\t\t<span class=\"data-table-header-text\">Pris<br>pr. m2<\/span><\/th>\n\t\t\t        \t\t\t\t        <\/tr>\n\t\t\t    <\/thead>\n\t\t\t  \t<tbody>\n\t\t\t\t\t\t\t\t\t\t\t<tr>\n\t\t\t\t\t\t\t\t\t\t\t\t\t\t\t\t   \t\t\t\t\t\t\t\t\t\t\t<td colspan=\"\" rowspan=\"\" class=\"\" id=\"\">\n\t\t\t\t\t\t\t\t\t\t\t\t<div class=\"td-content-wrapper\"><div class=\"td-content\">\n\t\t\t\t\t\t\t\t\t\t\t\t\t24*146 mm\t\t\t\t\t\t\t\t\t\t\t\t<\/div><\/div>\n\t\t\t\t\t\t\t\t\t\t\t<\/td>\n\t\t\t\t\t\t\t\t\t\t\t\t\t\t\t\t\t\t\t\t\t\t\t\t\t\t\t\t\t   \t\t\t\t\t\t\t\t\t\t\t<td colspan=\"\" rowspan=\"\" class=\"\" id=\"\">\n\t\t\t\t\t\t\t\t\t\t\t\t<div class=\"td-content-wrapper\"><div class=\"td-content\">\n\t\t\t\t\t\t\t\t\t\t\t\t\t3m |\u00a04m | 5m |\u00a06m\t\t\t\t\t\t\t\t\t\t\t\t<\/div><\/div>\n\t\t\t\t\t\t\t\t\t\t\t<\/td>\n\t\t\t\t\t\t\t\t\t\t\t\t\t\t\t\t\t\t\t\t\t\t\t\t\t\t\t\t\t   \t\t\t\t\t\t\t\t\t\t\t<td colspan=\"\" rowspan=\"\" class=\"\" id=\"\">\n\t\t\t\t\t\t\t\t\t\t\t\t<div class=\"td-content-wrapper\"><div class=\"td-content\">\n\t\t\t\t\t\t\t\t\t\t\t\t\tp\u00e5 foresp\u00f8rgsel\t\t\t\t\t\t\t\t\t\t\t\t<\/div><\/div>\n\t\t\t\t\t\t\t\t\t\t\t<\/td>\n\t\t\t\t\t\t\t\t\t\t\t\t\t\t\t\t\t\t\t\t\t\t\t\t\t\t<\/tr>\n\t\t\t        \t\t\t\t\t\t<tr>\n\t\t\t\t\t\t\t\t\t\t\t\t\t\t\t\t   \t\t\t\t\t\t\t\t\t\t\t<td colspan=\"\" rowspan=\"\" class=\"\" id=\"\">\n\t\t\t\t\t\t\t\t\t\t\t\t<div class=\"td-content-wrapper\"><div class=\"td-content\">\n\t\t\t\t\t\t\t\t\t\t\t\t\t28*146 mm\t\t\t\t\t\t\t\t\t\t\t\t<\/div><\/div>\n\t\t\t\t\t\t\t\t\t\t\t<\/td>\n\t\t\t\t\t\t\t\t\t\t\t\t\t\t\t\t\t\t\t\t\t\t\t\t\t\t\t\t\t   \t\t\t\t\t\t\t\t\t\t\t<td colspan=\"\" rowspan=\"\" class=\"\" id=\"\">\n\t\t\t\t\t\t\t\t\t\t\t\t<div class=\"td-content-wrapper\"><div class=\"td-content\">\n\t\t\t\t\t\t\t\t\t\t\t\t\t3m |\u00a04m | 5m |\u00a06m\t\t\t\t\t\t\t\t\t\t\t\t<\/div><\/div>\n\t\t\t\t\t\t\t\t\t\t\t<\/td>\n\t\t\t\t\t\t\t\t\t\t\t\t\t\t\t\t\t\t\t\t\t\t\t\t\t\t\t\t\t   \t\t\t\t\t\t\t\t\t\t\t<td colspan=\"\" rowspan=\"\" class=\"\" id=\"\">\n\t\t\t\t\t\t\t\t\t\t\t\t<div class=\"td-content-wrapper\"><div class=\"td-content\">\n\t\t\t\t\t\t\t\t\t\t\t\t\tp\u00e5 foresp\u00f8rgsel\t\t\t\t\t\t\t\t\t\t\t\t<\/div><\/div>\n\t\t\t\t\t\t\t\t\t\t\t<\/td>\n\t\t\t\t\t\t\t\t\t\t\t\t\t\t\t\t\t\t\t\t\t\t\t\t\t\t<\/tr>\n\t\t\t        \t\t\t\t\t\t<tr>\n\t\t\t\t\t\t\t\t\t\t\t\t\t\t\t\t   \t\t\t\t\t\t\t\t\t\t\t<td colspan=\"\" rowspan=\"\" class=\"\" id=\"\">\n\t\t\t\t\t\t\t\t\t\t\t\t<div class=\"td-content-wrapper\"><div class=\"td-content\">\n\t\t\t\t\t\t\t\t\t\t\t\t\t31*146 mm\t\t\t\t\t\t\t\t\t\t\t\t<\/div><\/div>\n\t\t\t\t\t\t\t\t\t\t\t<\/td>\n\t\t\t\t\t\t\t\t\t\t\t\t\t\t\t\t\t\t\t\t\t\t\t\t\t\t\t\t\t   \t\t\t\t\t\t\t\t\t\t\t<td colspan=\"\" rowspan=\"\" class=\"\" id=\"\">\n\t\t\t\t\t\t\t\t\t\t\t\t<div class=\"td-content-wrapper\"><div class=\"td-content\">\n\t\t\t\t\t\t\t\t\t\t\t\t\t3m |\u00a04m | 5m |\u00a06m\t\t\t\t\t\t\t\t\t\t\t\t<\/div><\/div>\n\t\t\t\t\t\t\t\t\t\t\t<\/td>\n\t\t\t\t\t\t\t\t\t\t\t\t\t\t\t\t\t\t\t\t\t\t\t\t\t\t\t\t\t   \t\t\t\t\t\t\t\t\t\t\t<td colspan=\"\" rowspan=\"\" class=\"\" id=\"\">\n\t\t\t\t\t\t\t\t\t\t\t\t<div class=\"td-content-wrapper\"><div class=\"td-content\">\n\t\t\t\t\t\t\t\t\t\t\t\t\tp\u00e5 foresp\u00f8rgsel\t\t\t\t\t\t\t\t\t\t\t\t<\/div><\/div>\n\t\t\t\t\t\t\t\t\t\t\t<\/td>\n\t\t\t\t\t\t\t\t\t\t\t\t\t\t\t\t\t\t\t\t\t\t\t\t\t\t<\/tr>\n\t\t\t        \t\t\t    <\/tbody>\n\t\t\t<\/table>\n\t\t<\/div>\n\t  \t\t\t\t\t<\/div>\n\t\t\t\t<\/div>\n\t\t\t\t<\/div>\n\t\t<div class=\"elementor-element elementor-element-19d95a8c e-con-full e-flex e-con e-child\" data-id=\"19d95a8c\" data-element_type=\"container\" data-e-type=\"container\">\n\t\t\t\t<div class=\"elementor-element elementor-element-2354b518 elementor-widget elementor-widget-text-editor\" data-id=\"2354b518\" data-element_type=\"widget\" data-e-type=\"widget\" data-widget_type=\"text-editor.default\">\n\t\t\t\t<div class=\"elementor-widget-container\">\n\t\t\t\t\t\t\t\t\t<p><span style=\"text-decoration: underline;\"><strong>Produktinformationer:<\/strong><\/span><\/p><p><span class=\"OYPEnA font-feature-liga-off font-feature-clig-off font-feature-calt-off text-decoration-none text-strikethrough-none\">Rauhspund i eg med fer og not i A\/B-kvalitet, egaliseret og ovnt\u00f8rret (ovnt\u00f8rring til ca. 20 % restfugtighed). Tr\u00e6et udm\u00e6rker sig ved sin h\u00f8je kvalitet og b\u00e6redygtighed.<\/span><\/p><p class=\"cvGsUA direction-ltr align-start para-style-body\"><span class=\"OYPEnA font-feature-liga-off font-feature-clig-off font-feature-calt-off text-decoration-none text-strikethrough-none\"><strong>Materiale:<\/strong> Tr\u00e6<br \/><strong>Tr\u00e6sort:<\/strong> Eg<br \/><strong>Overflade:<\/strong> egaliseret<br \/><strong>Fugtighed:<\/strong> ovnt\u00f8rret KD 20% (+- 2%)<br \/><strong>Oprindelse:<\/strong> Sachsen og Niedersachsen<br \/><strong>Kvalitet:<\/strong> A\/B-kvalitet <\/span><\/p><p><strong>Vigtig leveringsinformation:<\/strong><br \/>Ved levering med vores spedit\u00f8r beder vi dig om at have en gaffeltruck klar til afl\u00e6sning af pallerne!<\/p><p><strong>Vigtig afhentningsinformation:<\/strong><br \/>Afhentning i Hennef er ikke mulig, da kun vores kontorer er placeret der.<\/p>\t\t\t\t\t\t\t\t<\/div>\n\t\t\t\t<\/div>\n\t\t\t\t<div class=\"elementor-element elementor-element-601cb5d elementor-widget elementor-widget-text-editor\" data-id=\"601cb5d\" data-element_type=\"widget\" data-e-type=\"widget\" data-widget_type=\"text-editor.default\">\n\t\t\t\t<div class=\"elementor-widget-container\">\n\t\t\t\t\t\t\t\t\t<p>*Priser er eksklusive moms.<br \/>*Fragtpriser p\u00e5 foresp\u00f8rgsel.<br \/>*Minimumsordrem\u00e6ngde: en palle (ca. 85 m\u00b2).<\/p>\t\t\t\t\t\t\t\t<\/div>\n\t\t\t\t<\/div>\n\t\t\t\t<\/div>\n\t\t\t\t\t<\/div>\n\t\t\t\t<\/div>\n\t\t<div class=\"elementor-element elementor-element-501fa407 e-flex e-con-boxed e-con e-parent\" data-id=\"501fa407\" data-element_type=\"container\" data-e-type=\"container\">\n\t\t\t\t\t<div class=\"e-con-inner\">\n\t\t<div class=\"elementor-element elementor-element-6c0112df e-con-full e-flex e-con e-child\" data-id=\"6c0112df\" data-element_type=\"container\" data-e-type=\"container\">\n\t\t<div class=\"elementor-element elementor-element-28110857 e-con-full e-flex e-con e-child\" data-id=\"28110857\" data-element_type=\"container\" data-e-type=\"container\">\n\t\t\t\t<div class=\"elementor-element elementor-element-22d34a6a elementor-widget elementor-widget-heading\" data-id=\"22d34a6a\" data-element_type=\"widget\" data-e-type=\"widget\" data-widget_type=\"heading.default\">\n\t\t\t\t<div class=\"elementor-widget-container\">\n\t\t\t\t\t<h3 class=\"elementor-heading-title elementor-size-default\">Produktbeskrivelse<\/h3>\t\t\t\t<\/div>\n\t\t\t\t<\/div>\n\t\t\t\t<div class=\"elementor-element elementor-element-df2983e elementor-widget elementor-widget-text-editor\" data-id=\"df2983e\" data-element_type=\"widget\" data-e-type=\"widget\" data-widget_type=\"text-editor.default\">\n\t\t\t\t<div class=\"elementor-widget-container\">\n\t\t\t\t\t\t\t\t\t<p class=\"p1\">Vores rauhspund er fremstillet af h\u00f8jkvalitets eg og f\u00e5s i A\/B-kvalitet. Overfladen er egaliseret, og tr\u00e6et er ovnt\u00f8rret (ovnt\u00f8rring med en restfugtighed p\u00e5 ca. 20 % \u00b1 2 %). Dette h\u00f8jkvalitetsmateriale overbeviser med sin enest\u00e5ende kvalitet, holdbarhed og b\u00e6redygtighed og er ideelt til kr\u00e6vende byggeprojekter.<\/p>\t\t\t\t\t\t\t\t<\/div>\n\t\t\t\t<\/div>\n\t\t\t\t<\/div>\n\t\t<div class=\"elementor-element elementor-element-1557004 e-con-full e-flex e-con e-child\" data-id=\"1557004\" data-element_type=\"container\" data-e-type=\"container\">\n\t\t\t\t<div class=\"elementor-element elementor-element-498a2bd1 elementor-widget elementor-widget-heading\" data-id=\"498a2bd1\" data-element_type=\"widget\" data-e-type=\"widget\" data-widget_type=\"heading.default\">\n\t\t\t\t<div class=\"elementor-widget-container\">\n\t\t\t\t\t<h3 class=\"elementor-heading-title elementor-size-default\">Anvendelsesomr\u00e5der og form\u00e5l<\/h3>\t\t\t\t<\/div>\n\t\t\t\t<\/div>\n\t\t\t\t<div class=\"elementor-element elementor-element-76dbd315 elementor-widget elementor-widget-text-editor\" data-id=\"76dbd315\" data-element_type=\"widget\" data-e-type=\"widget\" data-widget_type=\"text-editor.default\">\n\t\t\t\t<div class=\"elementor-widget-container\">\n\t\t\t\t\t\t\t\t\t<p>Rauhspund i eg er fremragende egnet til tagforskalling, facadebekl\u00e6dning og andre udend\u00f8rs konstruktioner. Takket v\u00e6re sin naturlige modstandsdygtighed over for vejrlig og fugt kan tr\u00e6et anvendes b\u00e5de til privat og erhvervsm\u00e6ssig brug.<\/p>\t\t\t\t\t\t\t\t<\/div>\n\t\t\t\t<\/div>\n\t\t\t\t<\/div>\n\t\t<div class=\"elementor-element elementor-element-3f2cbb14 e-con-full e-flex e-con e-child\" data-id=\"3f2cbb14\" data-element_type=\"container\" data-e-type=\"container\">\n\t\t\t\t<div class=\"elementor-element elementor-element-4d1b5848 elementor-widget elementor-widget-heading\" data-id=\"4d1b5848\" data-element_type=\"widget\" data-e-type=\"widget\" data-widget_type=\"heading.default\">\n\t\t\t\t<div class=\"elementor-widget-container\">\n\t\t\t\t\t<h3 class=\"elementor-heading-title elementor-size-default\">Oprindelse og b\u00e6redygtighed<\/h3>\t\t\t\t<\/div>\n\t\t\t\t<\/div>\n\t\t\t\t<div class=\"elementor-element elementor-element-17abdf98 elementor-widget elementor-widget-text-editor\" data-id=\"17abdf98\" data-element_type=\"widget\" data-e-type=\"widget\" data-widget_type=\"text-editor.default\">\n\t\t\t\t<div class=\"elementor-widget-container\">\n\t\t\t\t\t\t\t\t\t<p>Tr\u00e6et stammer fra b\u00e6redygtigt forvaltede skove i Sachsen og Niedersachsen. Den regionale oprindelse sikrer korte transportveje og en milj\u00f8venlig produktion. Med sin h\u00f8je kvalitet er materialet et ideelt valg til b\u00e6redygtige byggeprojekter.<\/p>\t\t\t\t\t\t\t\t<\/div>\n\t\t\t\t<\/div>\n\t\t\t\t<\/div>\n\t\t<div class=\"elementor-element elementor-element-64a3aaf7 e-con-full e-flex e-con e-child\" data-id=\"64a3aaf7\" data-element_type=\"container\" data-e-type=\"container\">\n\t\t\t\t<div class=\"elementor-element elementor-element-64cb8c84 elementor-widget elementor-widget-heading\" data-id=\"64cb8c84\" data-element_type=\"widget\" data-e-type=\"widget\" data-widget_type=\"heading.default\">\n\t\t\t\t<div class=\"elementor-widget-container\">\n\t\t\t\t\t<h3 class=\"elementor-heading-title elementor-size-default\">Levering og afhentning<\/h3>\t\t\t\t<\/div>\n\t\t\t\t<\/div>\n\t\t\t\t<div class=\"elementor-element elementor-element-6b48e7c0 elementor-widget elementor-widget-text-editor\" data-id=\"6b48e7c0\" data-element_type=\"widget\" data-e-type=\"widget\" data-widget_type=\"text-editor.default\">\n\t\t\t\t<div class=\"elementor-widget-container\">\n\t\t\t\t\t\t\t\t\t<p data-start=\"0\" data-end=\"271\">Leveringen er fleksibel. Vi samarbejder med en r\u00e6kke spedit\u00f8rer og kan booke enhver \u00f8nsket transportrute for dig. Leveringstiden er normalt 2 til maksimalt 4 uger. Alternativt kan du ogs\u00e5 selv afhente din bestilling.<\/p><p data-start=\"273\" data-end=\"627\" data-is-last-node=\"\" data-is-only-node=\"\"><strong>Bem\u00e6rk venligst: <\/strong>Afhentning i Hennef er ikke mulig. Afhentning sker direkte fra den p\u00e5g\u00e6ldende produktion, hvis placering varierer afh\u00e6ngigt af produktet. Vi oplyser dig gerne om det relevante afhentningssted efter din foresp\u00f8rgsel, hvis du beslutter dig for selv at afhente.<\/p>\t\t\t\t\t\t\t\t<\/div>\n\t\t\t\t<\/div>\n\t\t\t\t<\/div>\n\t\t\t\t<\/div>\n\t\t\t\t\t<\/div>\n\t\t\t\t<\/div>\n\t\t\t\t<\/div>\n\t\t","protected":false},"excerpt":{"rendered":"<p>Rauhspund i eg f\u00e5s med fer og not Indhent tilbud >> Rauhspund i eg. med fer og not M\u00e5li mm L\u00e6ngdei m Prispr. m2 24*146 mm 3m |\u00a04m | 5m |\u00a06m p\u00e5 foresp\u00f8rgsel 28*146 mm 3m |\u00a04m | 5m |\u00a06m p\u00e5 foresp\u00f8rgsel 31*146 mm 3m |\u00a04m | 5m |\u00a06m p\u00e5 foresp\u00f8rgsel Produktinformationer: Rauhspund i eg [&hellip;]<\/p>\n","protected":false},"author":1,"featured_media":0,"parent":0,"menu_order":0,"comment_status":"closed","ping_status":"closed","template":"","meta":{"footnotes":""},"class_list":["post-8121","page","type-page","status-publish","hentry"],"yoast_head":"<!-- This site is optimized with the Yoast SEO plugin v27.4 - https:\/\/yoast.com\/product\/yoast-seo-wordpress\/ -->\n<title>Rauhspund i eg - World Wide Wood<\/title>\n<meta name=\"robots\" content=\"index, follow, max-snippet:-1, max-image-preview:large, max-video-preview:-1\" \/>\n<link rel=\"canonical\" href=\"https:\/\/worldwide-wood.de\/da\/rauhspund-i-eg\/\" \/>\n<meta property=\"og:locale\" content=\"da_DK\" \/>\n<meta property=\"og:type\" content=\"article\" \/>\n<meta property=\"og:title\" content=\"Rauhspund i eg - World Wide Wood\" \/>\n<meta property=\"og:description\" content=\"Rauhspund i eg f\u00e5s med fer og not Indhent tilbud &gt;&gt; Rauhspund i eg. med fer og not M\u00e5li mm L\u00e6ngdei m Prispr. m2 24*146 mm 3m |\u00a04m | 5m |\u00a06m p\u00e5 foresp\u00f8rgsel 28*146 mm 3m |\u00a04m | 5m |\u00a06m p\u00e5 foresp\u00f8rgsel 31*146 mm 3m |\u00a04m | 5m |\u00a06m p\u00e5 foresp\u00f8rgsel Produktinformationer: Rauhspund i eg [&hellip;]\" \/>\n<meta property=\"og:url\" content=\"https:\/\/worldwide-wood.de\/da\/rauhspund-i-eg\/\" \/>\n<meta property=\"og:site_name\" content=\"World Wide Wood\" \/>\n<meta property=\"article:modified_time\" content=\"2025-07-16T15:50:52+00:00\" \/>\n<meta name=\"twitter:card\" content=\"summary_large_image\" \/>\n<meta name=\"twitter:label1\" content=\"Estimeret l\u00e6setid\" \/>\n\t<meta name=\"twitter:data1\" content=\"2 minutter\" \/>\n<script type=\"application\/ld+json\" class=\"yoast-schema-graph\">{\"@context\":\"https:\\\/\\\/schema.org\",\"@graph\":[{\"@type\":\"WebPage\",\"@id\":\"https:\\\/\\\/worldwide-wood.de\\\/da\\\/rauhspund-i-eg\\\/\",\"url\":\"https:\\\/\\\/worldwide-wood.de\\\/da\\\/rauhspund-i-eg\\\/\",\"name\":\"Rauhspund i eg - World Wide Wood\",\"isPartOf\":{\"@id\":\"https:\\\/\\\/worldwide-wood.de\\\/da\\\/#website\"},\"datePublished\":\"2025-01-07T12:22:39+00:00\",\"dateModified\":\"2025-07-16T15:50:52+00:00\",\"breadcrumb\":{\"@id\":\"https:\\\/\\\/worldwide-wood.de\\\/da\\\/rauhspund-i-eg\\\/#breadcrumb\"},\"inLanguage\":\"da-DK\",\"potentialAction\":[{\"@type\":\"ReadAction\",\"target\":[\"https:\\\/\\\/worldwide-wood.de\\\/da\\\/rauhspund-i-eg\\\/\"]}]},{\"@type\":\"BreadcrumbList\",\"@id\":\"https:\\\/\\\/worldwide-wood.de\\\/da\\\/rauhspund-i-eg\\\/#breadcrumb\",\"itemListElement\":[{\"@type\":\"ListItem\",\"position\":1,\"name\":\"Startseite\",\"item\":\"https:\\\/\\\/worldwide-wood.de\\\/da\\\/\"},{\"@type\":\"ListItem\",\"position\":2,\"name\":\"Rauhspund i eg\"}]},{\"@type\":\"WebSite\",\"@id\":\"https:\\\/\\\/worldwide-wood.de\\\/da\\\/#website\",\"url\":\"https:\\\/\\\/worldwide-wood.de\\\/da\\\/\",\"name\":\"World Wide Wood\",\"description\":\"World Wide Wood\",\"publisher\":{\"@id\":\"https:\\\/\\\/worldwide-wood.de\\\/da\\\/#organization\"},\"potentialAction\":[{\"@type\":\"SearchAction\",\"target\":{\"@type\":\"EntryPoint\",\"urlTemplate\":\"https:\\\/\\\/worldwide-wood.de\\\/da\\\/?s={search_term_string}\"},\"query-input\":{\"@type\":\"PropertyValueSpecification\",\"valueRequired\":true,\"valueName\":\"search_term_string\"}}],\"inLanguage\":\"da-DK\"},{\"@type\":\"Organization\",\"@id\":\"https:\\\/\\\/worldwide-wood.de\\\/da\\\/#organization\",\"name\":\"World Wide Wood\",\"url\":\"https:\\\/\\\/worldwide-wood.de\\\/da\\\/\",\"logo\":{\"@type\":\"ImageObject\",\"inLanguage\":\"da-DK\",\"@id\":\"https:\\\/\\\/worldwide-wood.de\\\/da\\\/#\\\/schema\\\/logo\\\/image\\\/\",\"url\":\"https:\\\/\\\/worldwide-wood.de\\\/wp-content\\\/uploads\\\/2024\\\/07\\\/Logo-Word-Wide-Wood.png\",\"contentUrl\":\"https:\\\/\\\/worldwide-wood.de\\\/wp-content\\\/uploads\\\/2024\\\/07\\\/Logo-Word-Wide-Wood.png\",\"width\":500,\"height\":500,\"caption\":\"World Wide Wood\"},\"image\":{\"@id\":\"https:\\\/\\\/worldwide-wood.de\\\/da\\\/#\\\/schema\\\/logo\\\/image\\\/\"}}]}<\/script>\n<!-- \/ Yoast SEO plugin. -->","yoast_head_json":{"title":"Rauhspund i eg - World Wide Wood","robots":{"index":"index","follow":"follow","max-snippet":"max-snippet:-1","max-image-preview":"max-image-preview:large","max-video-preview":"max-video-preview:-1"},"canonical":"https:\/\/worldwide-wood.de\/da\/rauhspund-i-eg\/","og_locale":"da_DK","og_type":"article","og_title":"Rauhspund i eg - World Wide Wood","og_description":"Rauhspund i eg f\u00e5s med fer og not Indhent tilbud >> Rauhspund i eg. med fer og not M\u00e5li mm L\u00e6ngdei m Prispr. m2 24*146 mm 3m |\u00a04m | 5m |\u00a06m p\u00e5 foresp\u00f8rgsel 28*146 mm 3m |\u00a04m | 5m |\u00a06m p\u00e5 foresp\u00f8rgsel 31*146 mm 3m |\u00a04m | 5m |\u00a06m p\u00e5 foresp\u00f8rgsel Produktinformationer: Rauhspund i eg [&hellip;]","og_url":"https:\/\/worldwide-wood.de\/da\/rauhspund-i-eg\/","og_site_name":"World Wide Wood","article_modified_time":"2025-07-16T15:50:52+00:00","twitter_card":"summary_large_image","twitter_misc":{"Estimeret l\u00e6setid":"2 minutter"},"schema":{"@context":"https:\/\/schema.org","@graph":[{"@type":"WebPage","@id":"https:\/\/worldwide-wood.de\/da\/rauhspund-i-eg\/","url":"https:\/\/worldwide-wood.de\/da\/rauhspund-i-eg\/","name":"Rauhspund i eg - World Wide Wood","isPartOf":{"@id":"https:\/\/worldwide-wood.de\/da\/#website"},"datePublished":"2025-01-07T12:22:39+00:00","dateModified":"2025-07-16T15:50:52+00:00","breadcrumb":{"@id":"https:\/\/worldwide-wood.de\/da\/rauhspund-i-eg\/#breadcrumb"},"inLanguage":"da-DK","potentialAction":[{"@type":"ReadAction","target":["https:\/\/worldwide-wood.de\/da\/rauhspund-i-eg\/"]}]},{"@type":"BreadcrumbList","@id":"https:\/\/worldwide-wood.de\/da\/rauhspund-i-eg\/#breadcrumb","itemListElement":[{"@type":"ListItem","position":1,"name":"Startseite","item":"https:\/\/worldwide-wood.de\/da\/"},{"@type":"ListItem","position":2,"name":"Rauhspund i eg"}]},{"@type":"WebSite","@id":"https:\/\/worldwide-wood.de\/da\/#website","url":"https:\/\/worldwide-wood.de\/da\/","name":"World Wide Wood","description":"World Wide Wood","publisher":{"@id":"https:\/\/worldwide-wood.de\/da\/#organization"},"potentialAction":[{"@type":"SearchAction","target":{"@type":"EntryPoint","urlTemplate":"https:\/\/worldwide-wood.de\/da\/?s={search_term_string}"},"query-input":{"@type":"PropertyValueSpecification","valueRequired":true,"valueName":"search_term_string"}}],"inLanguage":"da-DK"},{"@type":"Organization","@id":"https:\/\/worldwide-wood.de\/da\/#organization","name":"World Wide Wood","url":"https:\/\/worldwide-wood.de\/da\/","logo":{"@type":"ImageObject","inLanguage":"da-DK","@id":"https:\/\/worldwide-wood.de\/da\/#\/schema\/logo\/image\/","url":"https:\/\/worldwide-wood.de\/wp-content\/uploads\/2024\/07\/Logo-Word-Wide-Wood.png","contentUrl":"https:\/\/worldwide-wood.de\/wp-content\/uploads\/2024\/07\/Logo-Word-Wide-Wood.png","width":500,"height":500,"caption":"World Wide Wood"},"image":{"@id":"https:\/\/worldwide-wood.de\/da\/#\/schema\/logo\/image\/"}}]}},"_links":{"self":[{"href":"https:\/\/worldwide-wood.de\/da\/wp-json\/wp\/v2\/pages\/8121","targetHints":{"allow":["GET"]}}],"collection":[{"href":"https:\/\/worldwide-wood.de\/da\/wp-json\/wp\/v2\/pages"}],"about":[{"href":"https:\/\/worldwide-wood.de\/da\/wp-json\/wp\/v2\/types\/page"}],"author":[{"embeddable":true,"href":"https:\/\/worldwide-wood.de\/da\/wp-json\/wp\/v2\/users\/1"}],"replies":[{"embeddable":true,"href":"https:\/\/worldwide-wood.de\/da\/wp-json\/wp\/v2\/comments?post=8121"}],"version-history":[{"count":0,"href":"https:\/\/worldwide-wood.de\/da\/wp-json\/wp\/v2\/pages\/8121\/revisions"}],"wp:attachment":[{"href":"https:\/\/worldwide-wood.de\/da\/wp-json\/wp\/v2\/media?parent=8121"}],"curies":[{"name":"wp","href":"https:\/\/api.w.org\/{rel}","templated":true}]}}